{"id":493,"date":"2020-02-23T19:00:00","date_gmt":"2020-02-23T22:00:00","guid":{"rendered":"https:\/\/perdidasconstructivas.com\/?post_type=product&#038;p=493"},"modified":"2024-12-05T10:43:44","modified_gmt":"2024-12-05T09:43:44","slug":"ejercicio-3-tesoros-escondidos-en-el-sobre-verde","status":"publish","type":"product","link":"https:\/\/perdidasconstructivas.com\/?product=ejercicio-3-tesoros-escondidos-en-el-sobre-verde","title":{"rendered":"Gu\u00eda 23 _ Tesoros escondidos"},"content":{"rendered":"<h2><strong>Objetivo:<\/strong><\/h2>\n<h5>\u00a0Recuperar el legado de una persona que has perdido, sus cualidades y\u00a0 lograr mantener vigente su ejemplo.<\/h5>\n<h5>Permite preparar un homenaje significativo al ser querido, junto con La Caja de los 5 Sentidos<\/h5>\n<h5>Ayuda a recuperar el v\u00ednculo y salir fortalecido<\/h5>\n<h5>Ejercicio en grupo o individual<\/h5>\n","protected":false},"excerpt":{"rendered":"<h5>Con esta Gu\u00eda es m\u00e1s f\u00e1cil recuperar el legado de un ser querido y sentir el v\u00ednculo presente.<\/h5>\n<h5>Aporta alegr\u00eda, esperanza y fortaleza<\/h5>\n<p>&nbsp;<\/p>\n","protected":false},"featured_media":4594,"comment_status":"open","ping_status":"closed","template":"","meta":{"content-type":""},"product_brand":[],"product_cat":[266,120],"product_tag":[104,150,153,151,135,128,131],"class_list":{"0":"post-493","1":"product","2":"type-product","3":"status-publish","4":"has-post-thumbnail","6":"product_cat-guias-duelo","7":"product_cat-recuperar-vinculo","8":"product_tag-autoayuda","9":"product_tag-fortalecimento","10":"product_tag-homenaje","11":"product_tag-legado-positivo","12":"product_tag-recuperar-el-vinculo-con-el-ser-querido","13":"product_tag-recuperarse","14":"product_tag-superar-el-duelo","16":"first","17":"instock","18":"downloadable","19":"shipping-taxable","20":"purchasable","21":"product-type-simple"},"_links":{"self":[{"href":"https:\/\/perdidasconstructivas.com\/index.php?rest_route=\/wp\/v2\/product\/493","targetHints":{"allow":["GET"]}}],"collection":[{"href":"https:\/\/perdidasconstructivas.com\/index.php?rest_route=\/wp\/v2\/product"}],"about":[{"href":"https:\/\/perdidasconstructivas.com\/index.php?rest_route=\/wp\/v2\/types\/product"}],"replies":[{"embeddable":true,"href":"https:\/\/perdidasconstructivas.com\/index.php?rest_route=%2Fwp%2Fv2%2Fcomments&post=493"}],"wp:featuredmedia":[{"embeddable":true,"href":"https:\/\/perdidasconstructivas.com\/index.php?rest_route=\/wp\/v2\/media\/4594"}],"wp:attachment":[{"href":"https:\/\/perdidasconstructivas.com\/index.php?rest_route=%2Fwp%2Fv2%2Fmedia&parent=493"}],"wp:term":[{"taxonomy":"product_brand","embeddable":true,"href":"https:\/\/perdidasconstructivas.com\/index.php?rest_route=%2Fwp%2Fv2%2Fproduct_brand&post=493"},{"taxonomy":"product_cat","embeddable":true,"href":"https:\/\/perdidasconstructivas.com\/index.php?rest_route=%2Fwp%2Fv2%2Fproduct_cat&post=493"},{"taxonomy":"product_tag","embeddable":true,"href":"https:\/\/perdidasconstructivas.com\/index.php?rest_route=%2Fwp%2Fv2%2Fproduct_tag&post=493"}],"curies":[{"name":"wp","href":"https:\/\/api.w.org\/{rel}","templated":true}]}}