{"id":4666,"date":"2025-04-21T22:54:10","date_gmt":"2025-04-21T20:54:10","guid":{"rendered":"https:\/\/perdidasconstructivas.com\/?post_type=product&#038;p=4666"},"modified":"2025-05-21T08:40:45","modified_gmt":"2025-05-21T06:40:45","slug":"test-de-perdidas","status":"publish","type":"product","link":"https:\/\/perdidasconstructivas.com\/?product=test-de-perdidas","title":{"rendered":"Test de P\u00e9rdidas"},"content":{"rendered":"<h4>Solicita tu acceso el Test de P\u00e9rdidas, Tendr\u00e1s un informe completo, con recomendaciones y Gu\u00edas.<\/h4>\n<div style=\"width: 750px;\" class=\"wp-video\"><!--[if lt IE 9]><script>document.createElement('video');<\/script><![endif]-->\n<video class=\"wp-video-shortcode\" id=\"video-4666-1\" width=\"750\" height=\"422\" preload=\"auto\" controls=\"controls\"><source type=\"video\/mp4\" src=\"https:\/\/perdidasconstructivas.com\/wp-content\/uploads\/2023\/02\/Video-perdidas_1.mp4?_=1\" \/><a href=\"https:\/\/perdidasconstructivas.com\/wp-content\/uploads\/2023\/02\/Video-perdidas_1.mp4\">https:\/\/perdidasconstructivas.com\/wp-content\/uploads\/2023\/02\/Video-perdidas_1.mp4<\/a><\/video><\/div>\n","protected":false},"excerpt":{"rendered":"<p>Test para saber c\u00f3mo te encuentras y qu\u00e9 tareas deber\u00edas realizar para elaborar la p\u00e9rdida que te preocupa.<\/p>\n<p>Las preguntas te ofrecer\u00e1n una visi\u00f3n en 360 grados<\/p>\n<p>Recibir\u00e1s un informe con las recomendaciones para superarlo y Gu\u00edas para trabajarlo.<\/p>\n<p>Descuento especial (66%)<\/p>\n","protected":false},"featured_media":3640,"comment_status":"open","ping_status":"closed","template":"","meta":{"content-type":""},"product_brand":[],"product_cat":[265],"product_tag":[324,131,323,322],"class_list":{"0":"post-4666","1":"product","2":"type-product","3":"status-publish","4":"has-post-thumbnail","6":"product_cat-duelo","7":"product_tag-perdidas","8":"product_tag-superar-el-duelo","9":"product_tag-test","10":"product_tag-test-duelo","12":"first","13":"instock","14":"sale","15":"downloadable","16":"virtual","17":"purchasable","18":"product-type-simple"},"_links":{"self":[{"href":"https:\/\/perdidasconstructivas.com\/index.php?rest_route=\/wp\/v2\/product\/4666","targetHints":{"allow":["GET"]}}],"collection":[{"href":"https:\/\/perdidasconstructivas.com\/index.php?rest_route=\/wp\/v2\/product"}],"about":[{"href":"https:\/\/perdidasconstructivas.com\/index.php?rest_route=\/wp\/v2\/types\/product"}],"replies":[{"embeddable":true,"href":"https:\/\/perdidasconstructivas.com\/index.php?rest_route=%2Fwp%2Fv2%2Fcomments&post=4666"}],"wp:featuredmedia":[{"embeddable":true,"href":"https:\/\/perdidasconstructivas.com\/index.php?rest_route=\/wp\/v2\/media\/3640"}],"wp:attachment":[{"href":"https:\/\/perdidasconstructivas.com\/index.php?rest_route=%2Fwp%2Fv2%2Fmedia&parent=4666"}],"wp:term":[{"taxonomy":"product_brand","embeddable":true,"href":"https:\/\/perdidasconstructivas.com\/index.php?rest_route=%2Fwp%2Fv2%2Fproduct_brand&post=4666"},{"taxonomy":"product_cat","embeddable":true,"href":"https:\/\/perdidasconstructivas.com\/index.php?rest_route=%2Fwp%2Fv2%2Fproduct_cat&post=4666"},{"taxonomy":"product_tag","embeddable":true,"href":"https:\/\/perdidasconstructivas.com\/index.php?rest_route=%2Fwp%2Fv2%2Fproduct_tag&post=4666"}],"curies":[{"name":"wp","href":"https:\/\/api.w.org\/{rel}","templated":true}]}}