{"id":4030,"date":"2023-10-29T12:00:49","date_gmt":"2023-10-29T11:00:49","guid":{"rendered":"https:\/\/perdidasconstructivas.com\/?post_type=product&#038;p=4030"},"modified":"2025-02-12T09:30:16","modified_gmt":"2025-02-12T08:30:16","slug":"guia-11-_-perdida-de-mi-mascota","status":"publish","type":"product","link":"https:\/\/perdidasconstructivas.com\/?product=guia-11-_-perdida-de-mi-mascota","title":{"rendered":"Gu\u00eda 11 _ P\u00e9rdida de mi mascota"},"content":{"rendered":"<h4>Objetivos:<\/h4>\n<h5><strong>Superar de forma suave la p\u00e9rdida de tu mascota, sin olvidarte de ella<\/strong><\/h5>\n<h5><strong>Hacerle un merecido homenaje<\/strong><\/h5>\n<h5><strong>Aprender a cultivar ese v\u00ednculo profundo creado con tu mascota<\/strong><\/h5>\n<h5>Encontrar alivio y esperanza<\/h5>\n","protected":false},"excerpt":{"rendered":"<h5>Gu\u00eda que permite asimilar la p\u00e9rdida de tu querida mascota, ese amigo peludo que siempre estar\u00e1 en tu coraz\u00f3n.<\/h5>\n<h5>Mediante el trabajo profundo de reconocer el v\u00ednculo que se ha creado, entendiendo el alcance emocional que ten\u00eda y pudiendo revivirlo sin traumas.<\/h5>\n<h5>Esta gu\u00eda implica un trabajo que merece la pena hacer. Tiene varios ejercicios sencillos y creativos que te ir\u00e1n descubriendo dimensiones profundas que explican tu dolor.<\/h5>\n<h5>Tambi\u00e9n tendr\u00e1s la posibilidad de revivir con alegr\u00eda y energ\u00eda todo lo que se hab\u00eda creado con tu mascota, que nadie puede entender.<\/h5>\n<h5><\/h5>\n<p>&nbsp;<\/p>\n<h5>Es un ejercicio que calma, reconforta y deja m\u00e1s tranquilo.<\/h5>\n","protected":false},"featured_media":4565,"comment_status":"open","ping_status":"closed","template":"","meta":{"content-type":""},"product_brand":[],"product_cat":[107,302,263],"product_tag":[313,314,103,316,315],"class_list":{"0":"post-4030","1":"product","2":"type-product","3":"status-publish","4":"has-post-thumbnail","6":"product_cat-guias-de-reconstruccion","7":"product_cat-perdida-de-mascota","8":"product_cat-perdidas","9":"product_tag-amor","10":"product_tag-compania","11":"product_tag-dolor","12":"product_tag-mascota","13":"product_tag-tristeza","15":"first","16":"instock","17":"downloadable","18":"virtual","19":"purchasable","20":"product-type-simple"},"_links":{"self":[{"href":"https:\/\/perdidasconstructivas.com\/index.php?rest_route=\/wp\/v2\/product\/4030","targetHints":{"allow":["GET"]}}],"collection":[{"href":"https:\/\/perdidasconstructivas.com\/index.php?rest_route=\/wp\/v2\/product"}],"about":[{"href":"https:\/\/perdidasconstructivas.com\/index.php?rest_route=\/wp\/v2\/types\/product"}],"replies":[{"embeddable":true,"href":"https:\/\/perdidasconstructivas.com\/index.php?rest_route=%2Fwp%2Fv2%2Fcomments&post=4030"}],"wp:featuredmedia":[{"embeddable":true,"href":"https:\/\/perdidasconstructivas.com\/index.php?rest_route=\/wp\/v2\/media\/4565"}],"wp:attachment":[{"href":"https:\/\/perdidasconstructivas.com\/index.php?rest_route=%2Fwp%2Fv2%2Fmedia&parent=4030"}],"wp:term":[{"taxonomy":"product_brand","embeddable":true,"href":"https:\/\/perdidasconstructivas.com\/index.php?rest_route=%2Fwp%2Fv2%2Fproduct_brand&post=4030"},{"taxonomy":"product_cat","embeddable":true,"href":"https:\/\/perdidasconstructivas.com\/index.php?rest_route=%2Fwp%2Fv2%2Fproduct_cat&post=4030"},{"taxonomy":"product_tag","embeddable":true,"href":"https:\/\/perdidasconstructivas.com\/index.php?rest_route=%2Fwp%2Fv2%2Fproduct_tag&post=4030"}],"curies":[{"name":"wp","href":"https:\/\/api.w.org\/{rel}","templated":true}]}}