{"id":3878,"date":"2023-07-19T14:33:42","date_gmt":"2023-07-19T12:33:42","guid":{"rendered":"https:\/\/perdidasconstructivas.com\/?post_type=product&#038;p=3878"},"modified":"2025-06-04T10:28:38","modified_gmt":"2025-06-04T08:28:38","slug":"p2-guia-por-perdida-de-amistad-o-relacion","status":"publish","type":"product","link":"https:\/\/perdidasconstructivas.com\/?product=p2-guia-por-perdida-de-amistad-o-relacion","title":{"rendered":"Gu\u00eda 2 _ P\u00e9rdida de amistad o relaci\u00f3n"},"content":{"rendered":"<h4>Objetivos:<\/h4>\n<h5>Superar de forma suave y contenida la perdida de una amistad, el desencuentro con un familiar o compa\u00f1ero de trabajo<\/h5>\n<h5>Recuperar los aprendizajes y habilidades adquiridas en la relaci\u00f3n.<\/h5>\n<h5>Encontrar alivio y esperanza.<\/h5>\n","protected":false},"excerpt":{"rendered":"<h5>Gu\u00eda que permite asimilar las p\u00e9rdidas, hechos a veces traum\u00e1ticos que todav\u00eda no logramos asimilar en todas sus dimensiones.<\/h5>\n<h5>Es una gu\u00eda muy \u00fatil, c\u00f3moda y sencilla de realizar.<\/h5>\n<h5>Ofrece un mapa de fortalezas aprendizajes y errores<\/h5>\n<h5>Es muy cuidadosa con las emociones de las personas y su privacidad.<\/h5>\n<h5>Es un ejercicio que calma, reconforta y deja m\u00e1s tranquilo.<\/h5>\n","protected":false},"featured_media":4572,"comment_status":"open","ping_status":"closed","template":"","meta":{"content-type":""},"product_brand":[],"product_cat":[107,269,263],"product_tag":[273,274,271,272],"class_list":{"0":"post-3878","1":"product","2":"type-product","3":"status-publish","4":"has-post-thumbnail","6":"product_cat-guias-de-reconstruccion","7":"product_cat-perdida-de-amistad","8":"product_cat-perdidas","9":"product_tag-conflicto-entre-familiares","10":"product_tag-perdida-de-una-relacion","11":"product_tag-ruptura-de-amistad","12":"product_tag-ruptura-de-relaciones","14":"first","15":"instock","16":"downloadable","17":"virtual","18":"purchasable","19":"product-type-simple"},"_links":{"self":[{"href":"https:\/\/perdidasconstructivas.com\/index.php?rest_route=\/wp\/v2\/product\/3878","targetHints":{"allow":["GET"]}}],"collection":[{"href":"https:\/\/perdidasconstructivas.com\/index.php?rest_route=\/wp\/v2\/product"}],"about":[{"href":"https:\/\/perdidasconstructivas.com\/index.php?rest_route=\/wp\/v2\/types\/product"}],"replies":[{"embeddable":true,"href":"https:\/\/perdidasconstructivas.com\/index.php?rest_route=%2Fwp%2Fv2%2Fcomments&post=3878"}],"wp:featuredmedia":[{"embeddable":true,"href":"https:\/\/perdidasconstructivas.com\/index.php?rest_route=\/wp\/v2\/media\/4572"}],"wp:attachment":[{"href":"https:\/\/perdidasconstructivas.com\/index.php?rest_route=%2Fwp%2Fv2%2Fmedia&parent=3878"}],"wp:term":[{"taxonomy":"product_brand","embeddable":true,"href":"https:\/\/perdidasconstructivas.com\/index.php?rest_route=%2Fwp%2Fv2%2Fproduct_brand&post=3878"},{"taxonomy":"product_cat","embeddable":true,"href":"https:\/\/perdidasconstructivas.com\/index.php?rest_route=%2Fwp%2Fv2%2Fproduct_cat&post=3878"},{"taxonomy":"product_tag","embeddable":true,"href":"https:\/\/perdidasconstructivas.com\/index.php?rest_route=%2Fwp%2Fv2%2Fproduct_tag&post=3878"}],"curies":[{"name":"wp","href":"https:\/\/api.w.org\/{rel}","templated":true}]}}