{"id":3238,"date":"2021-12-03T03:59:05","date_gmt":"2021-12-03T06:59:05","guid":{"rendered":"https:\/\/perdidasconstructivas.com\/?page_id=3238"},"modified":"2023-10-06T11:24:58","modified_gmt":"2023-10-06T09:24:58","slug":"copia-de","status":"publish","type":"page","link":"https:\/\/perdidasconstructivas.com\/?page_id=3238","title":{"rendered":"Realizado 14 Dic. 2021"},"content":{"rendered":"\t\t<div data-elementor-type=\"wp-page\" data-elementor-id=\"3238\" class=\"elementor elementor-3238\">\n\t\t\t\t\t\t<section class=\"elementor-section elementor-top-section elementor-element elementor-element-f20e237 elementor-section-content-middle elementor-section-boxed elementor-section-height-default elementor-section-height-default\" data-id=\"f20e237\" data-element_type=\"section\" data-e-type=\"section\">\n\t\t\t\t\t\t\t<div class=\"elementor-background-overlay\"><\/div>\n\t\t\t\t\t\t\t<div class=\"elementor-container elementor-column-gap-default\">\n\t\t\t\t\t<div class=\"elementor-column elementor-col-100 elementor-top-column elementor-element elementor-element-e0e6339\" data-id=\"e0e6339\" data-element_type=\"column\" data-e-type=\"column\">\n\t\t\t<div class=\"elementor-widget-wrap elementor-element-populated\">\n\t\t\t\t\t\t<div class=\"elementor-element elementor-element-2dbb9d3 elementor-widget elementor-widget-heading\" data-id=\"2dbb9d3\" data-element_type=\"widget\" data-e-type=\"widget\" data-widget_type=\"heading.default\">\n\t\t\t\t<div class=\"elementor-widget-container\">\n\t\t\t\t\t<h2 class=\"elementor-heading-title elementor-size-default\">Taller Online: C\u00f3mo afrontar la navidad sin tus seres queridos<\/h2>\t\t\t\t<\/div>\n\t\t\t\t<\/div>\n\t\t\t\t<section class=\"elementor-section elementor-inner-section elementor-element elementor-element-e650a70 elementor-section-boxed elementor-section-height-default elementor-section-height-default\" data-id=\"e650a70\" data-element_type=\"section\" data-e-type=\"section\">\n\t\t\t\t\t\t<div class=\"elementor-container elementor-column-gap-default\">\n\t\t\t\t\t<div class=\"elementor-column elementor-col-50 elementor-inner-column elementor-element elementor-element-1da5926\" data-id=\"1da5926\" data-element_type=\"column\" data-e-type=\"column\">\n\t\t\t<div class=\"elementor-widget-wrap elementor-element-populated\">\n\t\t\t\t\t\t<div class=\"elementor-element elementor-element-a3e4809 elementor-widget elementor-widget-text-editor\" data-id=\"a3e4809\" data-element_type=\"widget\" data-e-type=\"widget\" data-widget_type=\"text-editor.default\">\n\t\t\t\t<div class=\"elementor-widget-container\">\n\t\t\t\t\t\t\t\t\t<h4>\u00a0<\/h4><h4>La navidad es una gran celebraci\u00f3n y reencuentro familiar, resulta a veces dificil incluir a los que faltan, en este c\u00e1lido taller te vamos a ayudar a hacerlo .<\/h4><h4><strong>Te invitamos a compartir este taller donde vamos a sentir la empat\u00eda y el apoyo del grupo para celebrar estas fiestas con esperanza.<\/strong><\/h4><h4><strong>Podremos descubrir los tesoros que nos dejan nuestros seres queridos.<\/strong><\/h4><h4><strong>Vamos a construir una navidad acompa\u00f1ados de su huella.<\/strong><\/h4><h4 style=\"text-align: center;\">Martes 14 diciembre<\/h4><h4 style=\"text-align: center;\">\u00a0de 7 a 10 pm.<\/h4><h4>Taller online. Plazas limitadas.\u00a0<\/h4><h4>Reserva con antelaci\u00f3n la tuya.\u00a0<\/h4><h4>Coste 25\u20ac.<\/h4><h4>Para Inscribirse en el taller:<\/h4><h4><a href=\"https:\/\/forms.gle\/DoJyGvYMSz8uDM4P8\">https:\/\/forms.gle\/DoJyGvYMSz8uDM4P8<\/a><\/h4>\t\t\t\t\t\t\t\t<\/div>\n\t\t\t\t<\/div>\n\t\t\t\t\t<\/div>\n\t\t<\/div>\n\t\t\t\t<div class=\"elementor-column elementor-col-50 elementor-inner-column elementor-element elementor-element-3fd55b8\" data-id=\"3fd55b8\" data-element_type=\"column\" data-e-type=\"column\">\n\t\t\t<div class=\"elementor-widget-wrap elementor-element-populated\">\n\t\t\t\t\t\t<div class=\"elementor-element elementor-element-229a0ad elementor-widget elementor-widget-image\" data-id=\"229a0ad\" data-element_type=\"widget\" data-e-type=\"widget\" data-widget_type=\"image.default\">\n\t\t\t\t<div class=\"elementor-widget-container\">\n\t\t\t\t\t\t\t\t\t\t\t\t\t\t\t<img decoding=\"async\" src=\"https:\/\/www.dueloconstructivo.com\/wp-content\/uploads\/2021\/11\/Taller-Navidad.jpg\" title=\"\" alt=\"\" loading=\"lazy\" \/>\t\t\t\t\t\t\t\t\t\t\t\t\t\t\t<\/div>\n\t\t\t\t<\/div>\n\t\t\t\t\t<\/div>\n\t\t<\/div>\n\t\t\t\t\t<\/div>\n\t\t<\/section>\n\t\t\t\t\t<\/div>\n\t\t<\/div>\n\t\t\t\t\t<\/div>\n\t\t<\/section>\n\t\t\t\t<section class=\"elementor-section elementor-top-section elementor-element elementor-element-a9fa71b elementor-section-boxed elementor-section-height-default elementor-section-height-default\" data-id=\"a9fa71b\" data-element_type=\"section\" data-e-type=\"section\">\n\t\t\t\t\t\t<div class=\"elementor-container elementor-column-gap-default\">\n\t\t\t\t\t<div class=\"elementor-column elementor-col-100 elementor-top-column elementor-element elementor-element-cdb28c4\" data-id=\"cdb28c4\" data-element_type=\"column\" data-e-type=\"column\">\n\t\t\t<div class=\"elementor-widget-wrap\">\n\t\t\t\t\t\t\t<\/div>\n\t\t<\/div>\n\t\t\t\t\t<\/div>\n\t\t<\/section>\n\t\t\t\t<\/div>\n\t\t","protected":false},"excerpt":{"rendered":"<p>Taller Online: C\u00f3mo afrontar la navidad sin tus seres queridos La navidad es una gran celebraci\u00f3n y reencuentro familiar, resulta a veces dificil incluir a los que faltan, en este c\u00e1lido taller te vamos a ayudar a hacerlo . Te<\/p>\n","protected":false},"author":2,"featured_media":0,"parent":2112,"menu_order":0,"comment_status":"closed","ping_status":"closed","template":"","meta":{"content-type":"","footnotes":""},"class_list":["post-3238","page","type-page","status-publish","hentry"],"_links":{"self":[{"href":"https:\/\/perdidasconstructivas.com\/index.php?rest_route=\/wp\/v2\/pages\/3238","targetHints":{"allow":["GET"]}}],"collection":[{"href":"https:\/\/perdidasconstructivas.com\/index.php?rest_route=\/wp\/v2\/pages"}],"about":[{"href":"https:\/\/perdidasconstructivas.com\/index.php?rest_route=\/wp\/v2\/types\/page"}],"author":[{"embeddable":true,"href":"https:\/\/perdidasconstructivas.com\/index.php?rest_route=\/wp\/v2\/users\/2"}],"replies":[{"embeddable":true,"href":"https:\/\/perdidasconstructivas.com\/index.php?rest_route=%2Fwp%2Fv2%2Fcomments&post=3238"}],"version-history":[{"count":29,"href":"https:\/\/perdidasconstructivas.com\/index.php?rest_route=\/wp\/v2\/pages\/3238\/revisions"}],"predecessor-version":[{"id":3920,"href":"https:\/\/perdidasconstructivas.com\/index.php?rest_route=\/wp\/v2\/pages\/3238\/revisions\/3920"}],"up":[{"embeddable":true,"href":"https:\/\/perdidasconstructivas.com\/index.php?rest_route=\/wp\/v2\/pages\/2112"}],"wp:attachment":[{"href":"https:\/\/perdidasconstructivas.com\/index.php?rest_route=%2Fwp%2Fv2%2Fmedia&parent=3238"}],"curies":[{"name":"wp","href":"https:\/\/api.w.org\/{rel}","templated":true}]}}