{"id":2127,"date":"2021-05-28T07:22:27","date_gmt":"2021-05-28T10:22:27","guid":{"rendered":"https:\/\/perdidasconstructivas.com\/?page_id=2127"},"modified":"2024-05-31T10:16:36","modified_gmt":"2024-05-31T08:16:36","slug":"las-7-tareas-necesarias-para-el-tratamiento-del-duelo","status":"publish","type":"page","link":"https:\/\/perdidasconstructivas.com\/?page_id=2127","title":{"rendered":""},"content":{"rendered":"\t\t<div data-elementor-type=\"wp-page\" data-elementor-id=\"2127\" class=\"elementor elementor-2127\">\n\t\t\t\t\t\t<section class=\"elementor-section elementor-top-section elementor-element elementor-element-f20e237 elementor-section-content-middle elementor-section-boxed elementor-section-height-default elementor-section-height-default\" data-id=\"f20e237\" data-element_type=\"section\">\n\t\t\t\t\t\t\t<div class=\"elementor-background-overlay\"><\/div>\n\t\t\t\t\t\t\t<div class=\"elementor-container elementor-column-gap-default\">\n\t\t\t\t\t<div class=\"elementor-column elementor-col-100 elementor-top-column elementor-element elementor-element-e0e6339\" data-id=\"e0e6339\" data-element_type=\"column\">\n\t\t\t<div class=\"elementor-widget-wrap elementor-element-populated\">\n\t\t\t\t\t\t<div class=\"elementor-element elementor-element-2dbb9d3 elementor-widget elementor-widget-heading\" data-id=\"2dbb9d3\" data-element_type=\"widget\" data-widget_type=\"heading.default\">\n\t\t\t\t<div class=\"elementor-widget-container\">\n\t\t\t\t\t<h2 class=\"elementor-heading-title elementor-size-default\">Curso: Las 7 tareas terap\u00e9uticas para un Duelo Constructivo<\/h2>\t\t\t\t<\/div>\n\t\t\t\t<\/div>\n\t\t\t\t\t<\/div>\n\t\t<\/div>\n\t\t\t\t\t<\/div>\n\t\t<\/section>\n\t\t\t\t<section class=\"elementor-section elementor-top-section elementor-element elementor-element-a9fa71b elementor-section-boxed elementor-section-height-default elementor-section-height-default\" data-id=\"a9fa71b\" data-element_type=\"section\">\n\t\t\t\t\t\t<div class=\"elementor-container elementor-column-gap-default\">\n\t\t\t\t\t<div class=\"elementor-column elementor-col-100 elementor-top-column elementor-element elementor-element-cdb28c4\" data-id=\"cdb28c4\" data-element_type=\"column\">\n\t\t\t<div class=\"elementor-widget-wrap elementor-element-populated\">\n\t\t\t\t\t\t<section class=\"elementor-section elementor-inner-section elementor-element elementor-element-e650a70 elementor-section-boxed elementor-section-height-default elementor-section-height-default\" data-id=\"e650a70\" data-element_type=\"section\">\n\t\t\t\t\t\t<div class=\"elementor-container elementor-column-gap-default\">\n\t\t\t\t\t<div class=\"elementor-column elementor-col-50 elementor-inner-column elementor-element elementor-element-1da5926\" data-id=\"1da5926\" data-element_type=\"column\">\n\t\t\t<div class=\"elementor-widget-wrap elementor-element-populated\">\n\t\t\t\t\t\t<div class=\"elementor-element elementor-element-a3e4809 elementor-widget elementor-widget-text-editor\" data-id=\"a3e4809\" data-element_type=\"widget\" data-widget_type=\"text-editor.default\">\n\t\t\t\t<div class=\"elementor-widget-container\">\n\t\t\t\t\t\t\t\t\t<h4>\u00a0<\/h4><h4><strong>El duelo es una experiencia natural del ciclo vital, pero con fuertes efectos desestabilizadores. <\/strong><\/h4><ul><li style=\"text-align: justify;\"><h5>El curso ofrece un modelo con un protocolo de informaci\u00f3n, diagn\u00f3stico de las 7 \u00e1reas del duelo y ejercicios para cada una.<\/h5><\/li><li style=\"text-align: justify;\"><h5>Conocer las \u00e1reas de duelo y las tareas necesarias para cada persona, facilita la elaboraci\u00f3n y evita alargar el sufrimiento.<\/h5><\/li><li style=\"text-align: justify;\"><h5>Aprender a elaborar todo tipo de p\u00e9rdidas facilita el crecimiento y la gesti\u00f3n de los cambios.<\/h5><\/li><li style=\"text-align: justify;\"><h5>Hoy es una necesidad evitar el duelo aplazado bajo la crisis del covid.<\/h5><\/li><li><h5 style=\"text-align: justify;\">Duraci\u00f3n: 16 horas \/ 2 semanas<\/h5><\/li><\/ul>\t\t\t\t\t\t\t\t<\/div>\n\t\t\t\t<\/div>\n\t\t\t\t\t<\/div>\n\t\t<\/div>\n\t\t\t\t<div class=\"elementor-column elementor-col-50 elementor-inner-column elementor-element elementor-element-3fd55b8\" data-id=\"3fd55b8\" data-element_type=\"column\">\n\t\t\t<div class=\"elementor-widget-wrap elementor-element-populated\">\n\t\t\t\t\t\t<div class=\"elementor-element elementor-element-1597239 elementor-widget elementor-widget-image\" data-id=\"1597239\" data-element_type=\"widget\" data-widget_type=\"image.default\">\n\t\t\t\t<div class=\"elementor-widget-container\">\n\t\t\t\t\t\t\t\t\t\t\t\t\t\t\t<img fetchpriority=\"high\" decoding=\"async\" width=\"648\" height=\"492\" src=\"https:\/\/perdidasconstructivas.com\/wp-content\/uploads\/2021\/07\/Cereminias.jpg\" class=\"attachment-large size-large wp-image-3005\" alt=\"\" srcset=\"https:\/\/perdidasconstructivas.com\/wp-content\/uploads\/2021\/07\/Cereminias.jpg 648w, https:\/\/perdidasconstructivas.com\/wp-content\/uploads\/2021\/07\/Cereminias-600x456.jpg 600w\" sizes=\"(max-width: 648px) 100vw, 648px\" \/>\t\t\t\t\t\t\t\t\t\t\t\t\t\t\t<\/div>\n\t\t\t\t<\/div>\n\t\t\t\t\t<\/div>\n\t\t<\/div>\n\t\t\t\t\t<\/div>\n\t\t<\/section>\n\t\t\t\t\t<\/div>\n\t\t<\/div>\n\t\t\t\t\t<\/div>\n\t\t<\/section>\n\t\t\t\t<section class=\"elementor-section elementor-top-section elementor-element elementor-element-e01a5ec elementor-section-boxed elementor-section-height-default elementor-section-height-default\" data-id=\"e01a5ec\" data-element_type=\"section\">\n\t\t\t\t\t\t<div class=\"elementor-container elementor-column-gap-default\">\n\t\t\t\t\t<div class=\"elementor-column elementor-col-33 elementor-top-column elementor-element elementor-element-322589b\" data-id=\"322589b\" data-element_type=\"column\">\n\t\t\t<div class=\"elementor-widget-wrap elementor-element-populated\">\n\t\t\t\t\t\t<div class=\"elementor-element elementor-element-3e44a06 elementor-widget elementor-widget-image\" data-id=\"3e44a06\" data-element_type=\"widget\" data-widget_type=\"image.default\">\n\t\t\t\t<div class=\"elementor-widget-container\">\n\t\t\t\t\t\t\t\t\t\t\t\t\t\t\t\t<a href=\"https:\/\/www.copmadrid.org\/web\/formacion\/actividades\/20210318093356780220\/c2117-taller-tareas-terapeuticas-un-duelo-constructivo\">\n\t\t\t\t\t\t\t<img decoding=\"async\" width=\"580\" height=\"226\" src=\"https:\/\/perdidasconstructivas.com\/wp-content\/uploads\/2021\/07\/cabecera_web_lazo_morado3.jpg\" class=\"attachment-large size-large wp-image-2999\" alt=\"\" srcset=\"https:\/\/perdidasconstructivas.com\/wp-content\/uploads\/2021\/07\/cabecera_web_lazo_morado3.jpg 580w, https:\/\/perdidasconstructivas.com\/wp-content\/uploads\/2021\/07\/cabecera_web_lazo_morado3-300x117.jpg 300w\" sizes=\"(max-width: 580px) 100vw, 580px\" \/>\t\t\t\t\t\t\t\t<\/a>\n\t\t\t\t\t\t\t\t\t\t\t\t\t\t\t<\/div>\n\t\t\t\t<\/div>\n\t\t\t\t\t<\/div>\n\t\t<\/div>\n\t\t\t\t<div class=\"elementor-column elementor-col-33 elementor-top-column elementor-element elementor-element-92184a8\" data-id=\"92184a8\" data-element_type=\"column\">\n\t\t\t<div class=\"elementor-widget-wrap elementor-element-populated\">\n\t\t\t\t\t\t<div class=\"elementor-element elementor-element-84ae842 elementor-widget elementor-widget-text-editor\" data-id=\"84ae842\" data-element_type=\"widget\" data-widget_type=\"text-editor.default\">\n\t\t\t\t<div class=\"elementor-widget-container\">\n\t\t\t\t\t\t\t\t\t<h5 style=\"text-align: left;\">\u00a0<\/h5><h5 style=\"text-align: left;\">Para inscribirse y tener m\u00e1s\u00a0 informaci\u00f3n, entrar al Colegio oficial de Psicolog\u00eda de Madrid. <a href=\"https:\/\/www.copmadrid.org\/web\/formacion\/actividades\/20210318093356780220\/c2117-taller-tareas-terapeuticas-un-duelo-constructivo\">M\u00e1s info<\/a><\/h5><p style=\"text-align: center;\">\u00a0<\/p>\t\t\t\t\t\t\t\t<\/div>\n\t\t\t\t<\/div>\n\t\t\t\t\t<\/div>\n\t\t<\/div>\n\t\t\t\t<div class=\"elementor-column elementor-col-33 elementor-top-column elementor-element elementor-element-9f00f67\" data-id=\"9f00f67\" data-element_type=\"column\">\n\t\t\t<div class=\"elementor-widget-wrap elementor-element-populated\">\n\t\t\t\t\t\t<div class=\"elementor-element elementor-element-bfb3539 elementor-widget elementor-widget-text-editor\" data-id=\"bfb3539\" data-element_type=\"widget\" data-widget_type=\"text-editor.default\">\n\t\t\t\t<div class=\"elementor-widget-container\">\n\t\t\t\t\t\t\t\t\t<h5><strong>\u00a0<\/strong><\/h5><h5><strong>Fecha inicio 2 Noviembre 2021<\/strong><\/h5><h5>Martes y Jueves, 2, 4, 16 y 18 de noviembre de 10.00 a 14.00 horas.<\/h5>\t\t\t\t\t\t\t\t<\/div>\n\t\t\t\t<\/div>\n\t\t\t\t\t<\/div>\n\t\t<\/div>\n\t\t\t\t\t<\/div>\n\t\t<\/section>\n\t\t\t\t<section class=\"elementor-section elementor-top-section elementor-element elementor-element-175c183 elementor-section-boxed elementor-section-height-default elementor-section-height-default\" data-id=\"175c183\" data-element_type=\"section\">\n\t\t\t\t\t\t<div class=\"elementor-container elementor-column-gap-default\">\n\t\t\t\t\t<div class=\"elementor-column elementor-col-100 elementor-top-column elementor-element elementor-element-532383ce\" data-id=\"532383ce\" data-element_type=\"column\">\n\t\t\t<div class=\"elementor-widget-wrap elementor-element-populated\">\n\t\t\t\t\t\t<div class=\"elementor-element elementor-element-4df8bff6 elementor-widget elementor-widget-text-editor\" data-id=\"4df8bff6\" data-element_type=\"widget\" data-widget_type=\"text-editor.default\">\n\t\t\t\t<div class=\"elementor-widget-container\">\n\t\t\t\t\t\t\t\t\t<h3><strong>Propuesta<span style=\"font-family: Lato, sans-serif; font-size: 22px;\">:<\/span><\/strong><\/h3><h5 style=\"text-align: justify;\">Es un taller online din\u00e1mico, grupal y participativo, pr\u00e1ctico y aplicado, basado en el v\u00ednculo, empat\u00eda, apoyo e intercambio de experiencias entre los participantes.<\/h5><h5 style=\"text-align: justify;\">Este taller\u00a0 tambi\u00e9n ofrece un espacio de autocuidado, necesario para el profesional respecto de sus propias p\u00e9rdidas.<\/h5><h5 style=\"text-align: justify;\">Contextos de aplicaci\u00f3n: Terapias e intervenciones en\u00a0 centros educativos, sociales, sanitarios , laborales y comunitarios.<\/h5><h5 style=\"text-align: justify;\">El manual: Duelo Constructivo y sus t\u00e9cnicas han demostrado su evidencia cl\u00ednica tanto en Espa\u00f1a (2005-2020) como en Chile durante la crisis del Covid.<\/h5><h5 style=\"text-align: justify;\">\u00a0<\/h5>\t\t\t\t\t\t\t\t<\/div>\n\t\t\t\t<\/div>\n\t\t\t\t\t<\/div>\n\t\t<\/div>\n\t\t\t\t\t<\/div>\n\t\t<\/section>\n\t\t\t\t<section class=\"elementor-section elementor-top-section elementor-element elementor-element-ed9c5fa elementor-section-boxed elementor-section-height-default elementor-section-height-default\" data-id=\"ed9c5fa\" data-element_type=\"section\">\n\t\t\t\t\t\t<div class=\"elementor-container elementor-column-gap-default\">\n\t\t\t\t\t<div class=\"elementor-column elementor-col-50 elementor-top-column elementor-element elementor-element-796bf36\" data-id=\"796bf36\" data-element_type=\"column\">\n\t\t\t<div class=\"elementor-widget-wrap elementor-element-populated\">\n\t\t\t\t\t\t<div class=\"elementor-element elementor-element-3b9d909 elementor-widget elementor-widget-accordion\" data-id=\"3b9d909\" data-element_type=\"widget\" data-widget_type=\"accordion.default\">\n\t\t\t\t<div class=\"elementor-widget-container\">\n\t\t\t\t\t\t\t<div class=\"elementor-accordion\">\n\t\t\t\t\t\t\t<div class=\"elementor-accordion-item\">\n\t\t\t\t\t<h5 id=\"elementor-tab-title-6251\" class=\"elementor-tab-title\" data-tab=\"1\" role=\"button\" aria-controls=\"elementor-tab-content-6251\" aria-expanded=\"false\">\n\t\t\t\t\t\t\t\t\t\t\t\t\t<span class=\"elementor-accordion-icon elementor-accordion-icon-left\" aria-hidden=\"true\">\n\t\t\t\t\t\t\t\t\t\t\t\t\t\t\t<span class=\"elementor-accordion-icon-closed\"><svg class=\"e-font-icon-svg e-fas-chevron-down\" viewBox=\"0 0 448 512\" xmlns=\"http:\/\/www.w3.org\/2000\/svg\"><path d=\"M207.029 381.476L12.686 187.132c-9.373-9.373-9.373-24.569 0-33.941l22.667-22.667c9.357-9.357 24.522-9.375 33.901-.04L224 284.505l154.745-154.021c9.379-9.335 24.544-9.317 33.901.04l22.667 22.667c9.373 9.373 9.373 24.569 0 33.941L240.971 381.476c-9.373 9.372-24.569 9.372-33.942 0z\"><\/path><\/svg><\/span>\n\t\t\t\t\t\t\t\t<span class=\"elementor-accordion-icon-opened\"><svg class=\"e-font-icon-svg e-fas-angle-down\" viewBox=\"0 0 320 512\" xmlns=\"http:\/\/www.w3.org\/2000\/svg\"><path d=\"M143 352.3L7 216.3c-9.4-9.4-9.4-24.6 0-33.9l22.6-22.6c9.4-9.4 24.6-9.4 33.9 0l96.4 96.4 96.4-96.4c9.4-9.4 24.6-9.4 33.9 0l22.6 22.6c9.4 9.4 9.4 24.6 0 33.9l-136 136c-9.2 9.4-24.4 9.4-33.8 0z\"><\/path><\/svg><\/span>\n\t\t\t\t\t\t\t\t\t\t\t\t\t\t<\/span>\n\t\t\t\t\t\t\t\t\t\t\t\t<a class=\"elementor-accordion-title\" tabindex=\"0\">Objetivos generales<\/a>\n\t\t\t\t\t<\/h5>\n\t\t\t\t\t<div id=\"elementor-tab-content-6251\" class=\"elementor-tab-content elementor-clearfix\" data-tab=\"1\" role=\"region\" aria-labelledby=\"elementor-tab-title-6251\"><h4 style=\"font-variant-ligatures: normal; font-variant-caps: normal; font-style: normal; text-align: justify;\">1. Entregar las herramientas pr\u00e1cticas y el sost\u00e9n emocional para entender y diagnosticar todas las \u00e1reas implicadas en el duelo.<\/h4><h5 style=\"font-variant-ligatures: normal; font-variant-caps: normal; font-style: normal; text-align: justify;\">2. Ofrecer la contenci\u00f3n necesaria y realizar las tareas que los dolientes necesitan.<\/h5><h5 style=\"font-variant-ligatures: normal; font-variant-caps: normal; font-style: normal; text-align: justify;\">3. Crear un espacio de autocuidado para los participantes sobre sus propias p\u00e9rdidas.<\/h5><\/div>\n\t\t\t\t<\/div>\n\t\t\t\t\t\t\t\t<\/div>\n\t\t\t\t\t\t<\/div>\n\t\t\t\t<\/div>\n\t\t\t\t\t<\/div>\n\t\t<\/div>\n\t\t\t\t<div class=\"elementor-column elementor-col-50 elementor-top-column elementor-element elementor-element-0d7fdf3\" data-id=\"0d7fdf3\" data-element_type=\"column\">\n\t\t\t<div class=\"elementor-widget-wrap elementor-element-populated\">\n\t\t\t\t\t\t<div class=\"elementor-element elementor-element-7b01989 elementor-widget elementor-widget-accordion\" data-id=\"7b01989\" data-element_type=\"widget\" data-widget_type=\"accordion.default\">\n\t\t\t\t<div class=\"elementor-widget-container\">\n\t\t\t\t\t\t\t<div class=\"elementor-accordion\">\n\t\t\t\t\t\t\t<div class=\"elementor-accordion-item\">\n\t\t\t\t\t<h5 id=\"elementor-tab-title-1281\" class=\"elementor-tab-title\" data-tab=\"1\" role=\"button\" aria-controls=\"elementor-tab-content-1281\" aria-expanded=\"false\">\n\t\t\t\t\t\t\t\t\t\t\t\t\t<span class=\"elementor-accordion-icon elementor-accordion-icon-left\" aria-hidden=\"true\">\n\t\t\t\t\t\t\t\t\t\t\t\t\t\t\t<span class=\"elementor-accordion-icon-closed\"><svg class=\"e-font-icon-svg e-fas-chevron-down\" viewBox=\"0 0 448 512\" xmlns=\"http:\/\/www.w3.org\/2000\/svg\"><path d=\"M207.029 381.476L12.686 187.132c-9.373-9.373-9.373-24.569 0-33.941l22.667-22.667c9.357-9.357 24.522-9.375 33.901-.04L224 284.505l154.745-154.021c9.379-9.335 24.544-9.317 33.901.04l22.667 22.667c9.373 9.373 9.373 24.569 0 33.941L240.971 381.476c-9.373 9.372-24.569 9.372-33.942 0z\"><\/path><\/svg><\/span>\n\t\t\t\t\t\t\t\t<span class=\"elementor-accordion-icon-opened\"><svg class=\"e-font-icon-svg e-fas-angle-down\" viewBox=\"0 0 320 512\" xmlns=\"http:\/\/www.w3.org\/2000\/svg\"><path d=\"M143 352.3L7 216.3c-9.4-9.4-9.4-24.6 0-33.9l22.6-22.6c9.4-9.4 24.6-9.4 33.9 0l96.4 96.4 96.4-96.4c9.4-9.4 24.6-9.4 33.9 0l22.6 22.6c9.4 9.4 9.4 24.6 0 33.9l-136 136c-9.2 9.4-24.4 9.4-33.8 0z\"><\/path><\/svg><\/span>\n\t\t\t\t\t\t\t\t\t\t\t\t\t\t<\/span>\n\t\t\t\t\t\t\t\t\t\t\t\t<a class=\"elementor-accordion-title\" tabindex=\"0\">Objetivos espec\u00edficos<\/a>\n\t\t\t\t\t<\/h5>\n\t\t\t\t\t<div id=\"elementor-tab-content-1281\" class=\"elementor-tab-content elementor-clearfix\" data-tab=\"1\" role=\"region\" aria-labelledby=\"elementor-tab-title-1281\"><h5 style=\"font-variant-ligatures: normal; font-variant-caps: normal; font-style: normal; text-align: justify;\">1. Comprender el modelo Duelo Constructivo y sus ejercicios.<\/h5><h5 style=\"font-variant-ligatures: normal; font-variant-caps: normal; font-style: normal; text-align: justify;\">2. Conocer las fases y fen\u00f3menos de desorganizaci\u00f3n del duelo.<\/h5><h5 style=\"font-variant-ligatures: normal; font-variant-caps: normal; font-style: normal; text-align: justify;\">3. Identificar las \u00e1reas de duelo afectadas en cada persona o familia.<\/h5><h5 style=\"font-variant-ligatures: normal; font-variant-caps: normal; font-style: normal; text-align: justify;\">4. Experimentar y saber aplicar los ejercicios de duelo en un contexto de respeto al paciente y autocuidado de los profesionales.<\/h5><h5 style=\"font-variant-ligatures: normal; font-variant-caps: normal; font-style: normal; text-align: justify;\">5. Adaptar los ejercicios a los diferentes entornos laborales.<\/h5><h5 style=\"font-variant-ligatures: normal; font-variant-caps: normal; font-style: normal; text-align: justify;\">6. Crear un espacio de empat\u00eda, participaci\u00f3n y creatividad para los participantes.<\/h5><h5 style=\"font-variant-ligatures: normal; font-variant-caps: normal; font-style: normal; text-align: justify;\">7. Brindar las herramientas pr\u00e1cticas para superar el duelo.<\/h5><\/div>\n\t\t\t\t<\/div>\n\t\t\t\t\t\t\t\t\t\t<script type=\"application\/ld+json\">{\"@context\":\"https:\\\/\\\/schema.org\",\"@type\":\"FAQPage\",\"mainEntity\":[{\"@type\":\"Question\",\"name\":\"Objetivos espec\\u00edficos\",\"acceptedAnswer\":{\"@type\":\"Answer\",\"text\":\"<h5 style=\\\"font-variant-ligatures: normal; font-variant-caps: normal; font-style: normal; text-align: justify;\\\">1. Comprender el modelo Duelo Constructivo y sus ejercicios.<\\\/h5><h5 style=\\\"font-variant-ligatures: normal; font-variant-caps: normal; font-style: normal; text-align: justify;\\\">2. Conocer las fases y fen\\u00f3menos de desorganizaci\\u00f3n del duelo.<\\\/h5><h5 style=\\\"font-variant-ligatures: normal; font-variant-caps: normal; font-style: normal; text-align: justify;\\\">3. Identificar las \\u00e1reas de duelo afectadas en cada persona o familia.<\\\/h5><h5 style=\\\"font-variant-ligatures: normal; font-variant-caps: normal; font-style: normal; text-align: justify;\\\">4. Experimentar y saber aplicar los ejercicios de duelo en un contexto de respeto al paciente y autocuidado de los profesionales.<\\\/h5><h5 style=\\\"font-variant-ligatures: normal; font-variant-caps: normal; font-style: normal; text-align: justify;\\\">5. Adaptar los ejercicios a los diferentes entornos laborales.<\\\/h5><h5 style=\\\"font-variant-ligatures: normal; font-variant-caps: normal; font-style: normal; text-align: justify;\\\">6. Crear un espacio de empat\\u00eda, participaci\\u00f3n y creatividad para los participantes.<\\\/h5><h5 style=\\\"font-variant-ligatures: normal; font-variant-caps: normal; font-style: normal; text-align: justify;\\\">7. Brindar las herramientas pr\\u00e1cticas para superar el duelo.<\\\/h5>\"}}]}<\/script>\n\t\t\t\t\t<\/div>\n\t\t\t\t\t\t<\/div>\n\t\t\t\t<\/div>\n\t\t\t\t\t<\/div>\n\t\t<\/div>\n\t\t\t\t\t<\/div>\n\t\t<\/section>\n\t\t\t\t<\/div>\n\t\t","protected":false},"excerpt":{"rendered":"<p>Curso: Las 7 tareas terap\u00e9uticas para un Duelo Constructivo \u00a0 El duelo es una experiencia natural del ciclo vital, pero con fuertes efectos desestabilizadores. El curso ofrece un modelo con un protocolo de informaci\u00f3n, diagn\u00f3stico de las 7 \u00e1reas del<\/p>\n","protected":false},"author":2,"featured_media":0,"parent":2112,"menu_order":0,"comment_status":"closed","ping_status":"closed","template":"","meta":{"content-type":"","footnotes":""},"class_list":["post-2127","page","type-page","status-publish","hentry"],"_links":{"self":[{"href":"https:\/\/perdidasconstructivas.com\/index.php?rest_route=\/wp\/v2\/pages\/2127","targetHints":{"allow":["GET"]}}],"collection":[{"href":"https:\/\/perdidasconstructivas.com\/index.php?rest_route=\/wp\/v2\/pages"}],"about":[{"href":"https:\/\/perdidasconstructivas.com\/index.php?rest_route=\/wp\/v2\/types\/page"}],"author":[{"embeddable":true,"href":"https:\/\/perdidasconstructivas.com\/index.php?rest_route=\/wp\/v2\/users\/2"}],"replies":[{"embeddable":true,"href":"https:\/\/perdidasconstructivas.com\/index.php?rest_route=%2Fwp%2Fv2%2Fcomments&post=2127"}],"version-history":[{"count":151,"href":"https:\/\/perdidasconstructivas.com\/index.php?rest_route=\/wp\/v2\/pages\/2127\/revisions"}],"predecessor-version":[{"id":4506,"href":"https:\/\/perdidasconstructivas.com\/index.php?rest_route=\/wp\/v2\/pages\/2127\/revisions\/4506"}],"up":[{"embeddable":true,"href":"https:\/\/perdidasconstructivas.com\/index.php?rest_route=\/wp\/v2\/pages\/2112"}],"wp:attachment":[{"href":"https:\/\/perdidasconstructivas.com\/index.php?rest_route=%2Fwp%2Fv2%2Fmedia&parent=2127"}],"curies":[{"name":"wp","href":"https:\/\/api.w.org\/{rel}","templated":true}]}}