{"id":2098,"date":"2021-05-28T06:55:45","date_gmt":"2021-05-28T09:55:45","guid":{"rendered":"https:\/\/perdidasconstructivas.com\/?page_id=2098"},"modified":"2023-10-30T14:07:41","modified_gmt":"2023-10-30T13:07:41","slug":"taller-de-duelo-dentro-de-las-organizaciones","status":"publish","type":"page","link":"https:\/\/perdidasconstructivas.com\/?page_id=2098","title":{"rendered":""},"content":{"rendered":"\t\t<div data-elementor-type=\"wp-page\" data-elementor-id=\"2098\" class=\"elementor elementor-2098\">\n\t\t\t\t\t\t<section class=\"elementor-section elementor-top-section elementor-element elementor-element-3d81701 elementor-section-boxed elementor-section-height-default elementor-section-height-default\" data-id=\"3d81701\" data-element_type=\"section\">\n\t\t\t\t\t\t<div class=\"elementor-container elementor-column-gap-default\">\n\t\t\t\t\t<div class=\"elementor-column elementor-col-100 elementor-top-column elementor-element elementor-element-d38c5b5\" data-id=\"d38c5b5\" data-element_type=\"column\">\n\t\t\t<div class=\"elementor-widget-wrap elementor-element-populated\">\n\t\t\t\t\t\t<div class=\"elementor-element elementor-element-a29f123 elementor-widget elementor-widget-heading\" data-id=\"a29f123\" data-element_type=\"widget\" data-widget_type=\"heading.default\">\n\t\t\t\t<div class=\"elementor-widget-container\">\n\t\t\t\t\t<h2 class=\"elementor-heading-title elementor-size-default\">Taller de perdidas y duelos dentro de las organizaciones<\/h2>\t\t\t\t<\/div>\n\t\t\t\t<\/div>\n\t\t\t\t\t<\/div>\n\t\t<\/div>\n\t\t\t\t\t<\/div>\n\t\t<\/section>\n\t\t\t\t<section class=\"elementor-section elementor-top-section elementor-element elementor-element-31069767 elementor-section-boxed elementor-section-height-default elementor-section-height-default\" data-id=\"31069767\" data-element_type=\"section\">\n\t\t\t\t\t\t<div class=\"elementor-container elementor-column-gap-default\">\n\t\t\t\t\t<div class=\"elementor-column elementor-col-100 elementor-top-column elementor-element elementor-element-4234a363\" data-id=\"4234a363\" data-element_type=\"column\">\n\t\t\t<div class=\"elementor-widget-wrap elementor-element-populated\">\n\t\t\t\t\t\t<div class=\"elementor-element elementor-element-312dc584 elementor-widget elementor-widget-text-editor\" data-id=\"312dc584\" data-element_type=\"widget\" data-widget_type=\"text-editor.default\">\n\t\t\t\t<div class=\"elementor-widget-container\">\n\t\t\t\t\t\t\t\t\t<h4>\u00a0<\/h4><h4><strong>\u00bfSon necesarios los talleres de duelo en el marco de las organizaciones?<img fetchpriority=\"high\" decoding=\"async\" class=\"alignright wp-image-4067 size-medium\" src=\"https:\/\/perdidasconstructivas.com\/wp-content\/uploads\/2023\/10\/87d6585d-f78d-41fc-af3c-385c2a8e9c9f-300x300.jpg\" alt=\"\" width=\"300\" height=\"300\" srcset=\"https:\/\/perdidasconstructivas.com\/wp-content\/uploads\/2023\/10\/87d6585d-f78d-41fc-af3c-385c2a8e9c9f-300x300.jpg 300w, https:\/\/perdidasconstructivas.com\/wp-content\/uploads\/2023\/10\/87d6585d-f78d-41fc-af3c-385c2a8e9c9f-150x150.jpg 150w, https:\/\/perdidasconstructivas.com\/wp-content\/uploads\/2023\/10\/87d6585d-f78d-41fc-af3c-385c2a8e9c9f-768x768.jpg 768w, https:\/\/perdidasconstructivas.com\/wp-content\/uploads\/2023\/10\/87d6585d-f78d-41fc-af3c-385c2a8e9c9f-270x270.jpg 270w, https:\/\/perdidasconstructivas.com\/wp-content\/uploads\/2023\/10\/87d6585d-f78d-41fc-af3c-385c2a8e9c9f-230x230.jpg 230w, https:\/\/perdidasconstructivas.com\/wp-content\/uploads\/2023\/10\/87d6585d-f78d-41fc-af3c-385c2a8e9c9f-600x600.jpg 600w, https:\/\/perdidasconstructivas.com\/wp-content\/uploads\/2023\/10\/87d6585d-f78d-41fc-af3c-385c2a8e9c9f-100x100.jpg 100w, https:\/\/perdidasconstructivas.com\/wp-content\/uploads\/2023\/10\/87d6585d-f78d-41fc-af3c-385c2a8e9c9f.jpg 1024w\" sizes=\"(max-width: 300px) 100vw, 300px\" \/><\/strong><\/h4><p>\u00a0<\/p><h5 style=\"text-align: justify;\">Durante esta larga crisis, las personas est\u00e1n viviendo el duelo de manera especialmente dif\u00edcil, ya que se han sumado a otras p\u00e9rdidas actuales:\u00a0<strong>\u00a0de proyectos, personas queridas, actividades, grupos de pertenencia<\/strong>, etc. Los funerales son apenas momentos fr\u00edos sin contenci\u00f3n para los dolientes.<\/h5><h5 style=\"text-align: justify;\">La falta de grupos t\u00edpicos de deportes, ocio, amistades, que se ven muy limitados en sus actividades y est\u00e1 siendo muy dif\u00edcil recuperarse de los duelos actuales. Sin embargo las p\u00e9rdidas son una proceso natural, universal por el que todas las personas pasamos, por lo que la elaboraci\u00f3n grupal, con apoyo emocional e intercambio de recursos , es el formato id\u00f3neo para superar las p\u00e9rdidas.<\/h5><h5 style=\"text-align: justify;\">La entrega de las herramientas elaboraci\u00f3n de p\u00e9rdidas, convierte a estas personas en agentes de salud, ayudando a otros en un futuro, aportando su experiencia y la del grupo, sabiendo c\u00f3mo ayudar en estos casos dif\u00edciles. Se convierten en personas que salen muy fortalecidas.<\/h5><h5>\u00a0<\/h5><h4><b>Taller de duelo para empleados que hayan perdido a una persona significativa<\/b><\/h4><h4>\u00a0Duraci\u00f3n:<\/h4><ul><li><h5>Consta de 6 sesiones de 2 horas seguidas y una sesi\u00f3n de seguimiento a los 30 d\u00edas<\/h5><\/li><\/ul><h4>\u00a0Participantes:<\/h4><ul><li><h5>De 6 a 12 en presencial y de 6 a 22 en Online<\/h5><\/li><\/ul><h4>\u00a0Continuidad:<\/h4><ul><li><h5>Una vez terminado este taller, pueden establecerse una serie de encuentros,\u00a0 auto-organizado por parte de ellos mismos<\/h5><\/li><li><h5>Se podr\u00eda hacer una supervisi\u00f3n cada cierto tiempo al grupo<\/h5><\/li><\/ul><h4>Objetivos:<\/h4><ol><li><h5>Compartir un espacio com\u00fan de apoyo emocional<\/h5><\/li><li><h5>Evaluar las 7 \u00e1reas sensibles del duelo<\/h5><\/li><li><h5>Hacer las tareas y tratamientos necesarios:<\/h5><\/li><\/ol><ul><li style=\"list-style-type: none;\"><ul><li><h5>Asimilaci\u00f3nRecuperaci\u00f3n del v\u00ednculo<\/h5><\/li><li><h5>Recuperaci\u00f3n del v\u00ednculo<\/h5><\/li><li><h5>Evaluaci\u00f3n de recursos desestructurad0s despu\u00e9s del fallecimiento<\/h5><\/li><li><h5>Sentido del ciclo vital<\/h5><\/li><li><h5>Rituales Familiares<\/h5><\/li><li><h5>Recuperaci\u00f3n del proyecto vital<\/h5><\/li><li><h5>Estructurar el seguimiento del grupo y las tareas pendientes del duelo<\/h5><\/li><\/ul><\/li><\/ul>\t\t\t\t\t\t\t\t<\/div>\n\t\t\t\t<\/div>\n\t\t\t\t\t<\/div>\n\t\t<\/div>\n\t\t\t\t\t<\/div>\n\t\t<\/section>\n\t\t\t\t<\/div>\n\t\t","protected":false},"excerpt":{"rendered":"<p>Taller de perdidas y duelos dentro de las organizaciones \u00a0 \u00bfSon necesarios los talleres de duelo en el marco de las organizaciones? \u00a0 Durante esta larga crisis, las personas est\u00e1n viviendo el duelo de manera especialmente dif\u00edcil, ya que se<\/p>\n","protected":false},"author":2,"featured_media":4067,"parent":2112,"menu_order":0,"comment_status":"closed","ping_status":"closed","template":"","meta":{"content-type":"","footnotes":""},"class_list":["post-2098","page","type-page","status-publish","has-post-thumbnail","hentry"],"_links":{"self":[{"href":"https:\/\/perdidasconstructivas.com\/index.php?rest_route=\/wp\/v2\/pages\/2098","targetHints":{"allow":["GET"]}}],"collection":[{"href":"https:\/\/perdidasconstructivas.com\/index.php?rest_route=\/wp\/v2\/pages"}],"about":[{"href":"https:\/\/perdidasconstructivas.com\/index.php?rest_route=\/wp\/v2\/types\/page"}],"author":[{"embeddable":true,"href":"https:\/\/perdidasconstructivas.com\/index.php?rest_route=\/wp\/v2\/users\/2"}],"replies":[{"embeddable":true,"href":"https:\/\/perdidasconstructivas.com\/index.php?rest_route=%2Fwp%2Fv2%2Fcomments&post=2098"}],"version-history":[{"count":53,"href":"https:\/\/perdidasconstructivas.com\/index.php?rest_route=\/wp\/v2\/pages\/2098\/revisions"}],"predecessor-version":[{"id":4072,"href":"https:\/\/perdidasconstructivas.com\/index.php?rest_route=\/wp\/v2\/pages\/2098\/revisions\/4072"}],"up":[{"embeddable":true,"href":"https:\/\/perdidasconstructivas.com\/index.php?rest_route=\/wp\/v2\/pages\/2112"}],"wp:featuredmedia":[{"embeddable":true,"href":"https:\/\/perdidasconstructivas.com\/index.php?rest_route=\/wp\/v2\/media\/4067"}],"wp:attachment":[{"href":"https:\/\/perdidasconstructivas.com\/index.php?rest_route=%2Fwp%2Fv2%2Fmedia&parent=2098"}],"curies":[{"name":"wp","href":"https:\/\/api.w.org\/{rel}","templated":true}]}}